{"id":9374,"date":"2022-03-23T10:18:21","date_gmt":"2022-03-23T09:18:21","guid":{"rendered":"https:\/\/aspnais.org\/ocio-e-deportes\/"},"modified":"2022-12-21T17:02:44","modified_gmt":"2022-12-21T16:02:44","slug":"ocio-e-deportes","status":"publish","type":"page","link":"https:\/\/aspnais.org\/gl\/ocio-e-deportes\/","title":{"rendered":"Ocio e Deportes"},"content":{"rendered":"<section class=\"l-section wpb_row us_custom_9c3dd732 solo-desktop height_auto width_full\"><div class=\"l-section-h i-cf\"><div class=\"g-cols vc_row via_flex valign_top type_default stacking_default\"><div class=\"vc_col-sm-2 wpb_column vc_column_container\"><div class=\"vc_column-inner\"><div class=\"wpb_wrapper\"><\/div><\/div><\/div><div class=\"vc_col-sm-8 wpb_column vc_column_container\"><div class=\"vc_column-inner\"><div class=\"wpb_wrapper\"><div class=\"w-separator size_custom\" style=\"height:300px\"><\/div><div class=\"w-separator size_custom\" style=\"height:150px\"><\/div><\/div><\/div><\/div><div class=\"vc_col-sm-2 wpb_column vc_column_container\"><div class=\"vc_column-inner\"><div class=\"wpb_wrapper\"><\/div><\/div><\/div><\/div><\/div><\/section><section class=\"l-section wpb_row solo-movil height_auto width_full\"><div class=\"l-section-h i-cf\"><div class=\"g-cols vc_row via_flex valign_top type_default stacking_default\"><div class=\"vc_col-sm-2 wpb_column vc_column_container\"><div class=\"vc_column-inner\"><div class=\"wpb_wrapper\"><\/div><\/div><\/div><div class=\"vc_col-sm-8 wpb_column vc_column_container\"><div class=\"vc_column-inner\"><div class=\"wpb_wrapper\"><div class=\"w-separator size_custom\" style=\"height:50px\"><\/div><\/div><\/div><\/div><div class=\"vc_col-sm-2 wpb_column vc_column_container\"><div class=\"vc_column-inner\"><div class=\"wpb_wrapper\"><\/div><\/div><\/div><\/div><\/div><\/section><section class=\"l-section wpb_row height_medium\"><div class=\"l-section-h i-cf\"><div class=\"g-cols vc_row via_flex valign_middle type_default reversed stacking_default\"><div class=\"vc_col-sm-8 wpb_column vc_column_container us_animate_afl stretched\"><div class=\"vc_column-inner\"><div class=\"wpb_wrapper\"><div class=\"w-image us_custom_5e8a7298 style_shadow-1 align_center\"><div class=\"w-image-h\"><img loading=\"lazy\" decoding=\"async\" width=\"800\" height=\"533\" data-src=\"https:\/\/aspnais.org\/wp-content\/uploads\/2022\/09\/ocio-y-deportes_lugo.jpg\" class=\"attachment-large size-large lazyload\" alt=\"\" data-srcset=\"https:\/\/aspnais.org\/wp-content\/uploads\/2022\/09\/ocio-y-deportes_lugo.jpg 800w, https:\/\/aspnais.org\/wp-content\/uploads\/2022\/09\/ocio-y-deportes_lugo-300x200.jpg 300w\" data-sizes=\"auto, (max-width: 800px) 100vw, 800px\" src=\"data:image\/gif;base64,R0lGODlhAQABAAAAACH5BAEKAAEALAAAAAABAAEAAAICTAEAOw==\" style=\"--smush-placeholder-width: 800px; --smush-placeholder-aspect-ratio: 800\/533;\" \/><noscript><img loading=\"lazy\" decoding=\"async\" width=\"800\" height=\"533\" src=\"https:\/\/aspnais.org\/wp-content\/uploads\/2022\/09\/ocio-y-deportes_lugo.jpg\" class=\"attachment-large size-large\" alt=\"\" srcset=\"https:\/\/aspnais.org\/wp-content\/uploads\/2022\/09\/ocio-y-deportes_lugo.jpg 800w, https:\/\/aspnais.org\/wp-content\/uploads\/2022\/09\/ocio-y-deportes_lugo-300x200.jpg 300w\" sizes=\"auto, (max-width: 800px) 100vw, 800px\" \/><\/noscript><\/div><\/div><\/div><\/div><\/div><div class=\"vc_col-sm-4 wpb_column vc_column_container\"><div class=\"vc_column-inner\"><div class=\"wpb_wrapper\"><div class=\"wpb_text_column\"><div class=\"wpb_wrapper\"><h2>Ocio e tempo libre<\/h2>\n<p>O servizo de lecer e tempo libre ten como finalidade que o noso grupo poida gozar do seu tempo de lecer <strong>da forma m\u00e1is aut\u00f3noma posible<\/strong>, tratando de normalizar estas actividades e <strong>facilitando a s\u00faa inclusi\u00f3n social<\/strong>. O desfrute do lecer e do tempo libre \u00e9 fundamental para o desenvolvemento persoal (fomenta as relaci\u00f3ns sociais, forma parte da nosa identidade persoal, proporciona benestar f\u00edsico e emocional&#8230;) redundando, sen d\u00fabida, na nosa calidade de vida.<\/p>\n<p>Anualmente desenv\u00f3lvense programas vacacionais, culturais e recreativos.<\/p>\n<\/div><\/div><\/div><\/div><\/div><\/div><\/div><\/section><section class=\"l-section wpb_row us_custom_28fcb200 height_medium\"><div class=\"l-section-h i-cf\"><div class=\"g-cols vc_row via_flex valign_middle type_default stacking_default\"><div class=\"vc_col-sm-4 wpb_column vc_column_container\"><div class=\"vc_column-inner\"><div class=\"wpb_wrapper\"><div class=\"wpb_text_column\"><div class=\"wpb_wrapper\"><h2>Deportes<\/h2>\n<p>Real\u00edzanse adestramentos regulados de baloncesto, f\u00fatbol (Liga Genuina), atletismo, tenis de mesa e nataci\u00f3n. Tam\u00e9n hai actividades de baile tradicional para os nosos usuarios. Durante a semana nos nosos centros desenv\u00f3lvese un programa de motricidade para a asimilaci\u00f3n e mellora da motricidade.<br \/>\nOs deportistas da nosa asociaci\u00f3n tam\u00e9n participan en competici\u00f3ns a nivel auton\u00f3mico (organizadas por Special Olympics Galicia), nacionais, internacionais e mundiais (organizadas por Special Olympics Espa\u00f1a), en diferentes modalidades deportivas.<br \/>\nOutras actividades deportivas: esqu\u00ed, vela, mergullo.<\/p>\n<\/div><\/div><\/div><\/div><\/div><div class=\"vc_col-sm-8 wpb_column vc_column_container us_animate_afr stretched\"><div class=\"vc_column-inner\"><div class=\"wpb_wrapper\"><div class=\"w-image us_custom_5e8a7298 style_shadow-1 align_center\"><div class=\"w-image-h\"><img loading=\"lazy\" decoding=\"async\" width=\"1024\" height=\"683\" data-src=\"https:\/\/aspnais.org\/wp-content\/uploads\/2022\/03\/deportes-lugo-2-1024x683.jpg\" class=\"attachment-large size-large lazyload\" alt=\"\" data-srcset=\"https:\/\/aspnais.org\/wp-content\/uploads\/2022\/03\/deportes-lugo-2-1024x683.jpg 1024w, https:\/\/aspnais.org\/wp-content\/uploads\/2022\/03\/deportes-lugo-2-300x200.jpg 300w, https:\/\/aspnais.org\/wp-content\/uploads\/2022\/03\/deportes-lugo-2.jpg 1200w\" data-sizes=\"auto, (max-width: 1024px) 100vw, 1024px\" src=\"data:image\/gif;base64,R0lGODlhAQABAAAAACH5BAEKAAEALAAAAAABAAEAAAICTAEAOw==\" style=\"--smush-placeholder-width: 1024px; --smush-placeholder-aspect-ratio: 1024\/683;\" \/><noscript><img loading=\"lazy\" decoding=\"async\" width=\"1024\" height=\"683\" src=\"https:\/\/aspnais.org\/wp-content\/uploads\/2022\/03\/deportes-lugo-2-1024x683.jpg\" class=\"attachment-large size-large\" alt=\"\" srcset=\"https:\/\/aspnais.org\/wp-content\/uploads\/2022\/03\/deportes-lugo-2-1024x683.jpg 1024w, https:\/\/aspnais.org\/wp-content\/uploads\/2022\/03\/deportes-lugo-2-300x200.jpg 300w, https:\/\/aspnais.org\/wp-content\/uploads\/2022\/03\/deportes-lugo-2.jpg 1200w\" sizes=\"auto, (max-width: 1024px) 100vw, 1024px\" \/><\/noscript><\/div><\/div><\/div><\/div><\/div><\/div><\/div><\/section><section class=\"l-section wpb_row us_custom_0d15be52 height_medium\"><div class=\"l-section-h i-cf\"><div class=\"g-cols vc_row via_flex valign_top type_default stacking_default\"><div class=\"vc_col-sm-12 wpb_column vc_column_container\"><div class=\"vc_column-inner\"><div class=\"wpb_wrapper\"><section class=\"l-section wpb_row us_custom_04e7aa0a height_medium width_full\"><div class=\"l-section-h i-cf\"><div class=\"g-cols vc_row via_flex valign_top type_default stacking_default\"><div class=\"vc_col-sm-1 wpb_column vc_column_container\"><div class=\"vc_column-inner\"><div class=\"wpb_wrapper\"><\/div><\/div><\/div><div class=\"vc_col-sm-10 wpb_column vc_column_container\"><div class=\"vc_column-inner\"><div class=\"wpb_wrapper\"><div class=\"g-cols wpb_row us_custom_b720bf2d has_text_color via_flex valign_bottom type_boxes stacking_default\"><div class=\"vc_col-sm-6 wpb_column vc_column_container\"><div class=\"vc_column-inner\"><div class=\"wpb_wrapper\"><div class=\"wpb_text_column\"><div class=\"wpb_wrapper\"><h2>\u00bfQueres colaborar?<\/h2>\n<\/div><\/div><div class=\"w-separator size_custom\" style=\"height:1px\"><\/div><div class=\"wpb_text_column\"><div class=\"wpb_wrapper\"><p>Na nosa asociaci\u00f3n colabora <span class=\"subrayado-verde\">particulares<\/span> e <span class=\"subrayado-azul\">empresas<\/span>. Adem\u00e1is de <span class=\"subrayado-coral\">voluntarios<\/span> que fan posible este proxecto.<\/p>\n<p><strong>\u00a1Grazas a todos!<\/strong><\/p>\n<\/div><\/div><\/div><\/div><\/div><div class=\"vc_col-sm-6 wpb_column vc_column_container\"><div class=\"vc_column-inner\"><div class=\"wpb_wrapper\"><div class=\"w-btn-wrapper align_left\"><a class=\"w-btn us-btn-style_5 icon_atright\" href=\"https:\/\/aspnais.org\/gl\/colabora\/\"><span class=\"w-btn-label\">Quero ser SOCIO<\/span><i class=\"material-icons\">groups<\/i><\/a><\/div><div class=\"w-separator size_custom\" style=\"height:1px\"><\/div><div class=\"w-btn-wrapper align_left\"><a class=\"w-btn us-btn-style_1 icon_atright\" href=\"https:\/\/aspnais.org\/gl\/colabora\/\"><span class=\"w-btn-label\">Realizar unha DONACI\u00d3N<\/span><i class=\"material-icons\">pan_tool<\/i><\/a><\/div><div class=\"w-separator size_custom\" style=\"height:1px\"><\/div><div class=\"w-btn-wrapper align_left\"><a class=\"w-btn us-btn-style_6 icon_atright\" href=\"https:\/\/aspnais.org\/gl\/colabora\/\"><span class=\"w-btn-label\">Quero ser VOLUNTARIO<\/span><i class=\"material-icons\">favorite<\/i><\/a><\/div><div class=\"w-btn-wrapper align_left\"><a class=\"w-btn us-btn-style_7 boton-tapones icon_atleft\" href=\"https:\/\/aspnais.org\/gl\/centro-ocupacional\/#tapones\"><i class=\"material-icons\">arrow_forward<\/i><span class=\"w-btn-label\">Banco de tap\u00f3ns<\/span><\/a><\/div><\/div><\/div><\/div><\/div><div class=\"w-image us_custom_c711e8b2 align_right\"><div class=\"w-image-h\"><img loading=\"lazy\" decoding=\"async\" width=\"60\" height=\"120\" data-src=\"https:\/\/aspnais.org\/wp-content\/uploads\/2022\/02\/insignia-lugo-02.png\" class=\"attachment-large size-large lazyload\" alt=\"\" src=\"data:image\/gif;base64,R0lGODlhAQABAAAAACH5BAEKAAEALAAAAAABAAEAAAICTAEAOw==\" style=\"--smush-placeholder-width: 60px; --smush-placeholder-aspect-ratio: 60\/120;\" \/><noscript><img loading=\"lazy\" decoding=\"async\" width=\"60\" height=\"120\" src=\"https:\/\/aspnais.org\/wp-content\/uploads\/2022\/02\/insignia-lugo-02.png\" class=\"attachment-large size-large\" alt=\"\" \/><\/noscript><\/div><\/div><\/div><\/div><\/div><div class=\"vc_col-sm-1 wpb_column vc_column_container\"><div class=\"vc_column-inner\"><div class=\"wpb_wrapper\"><\/div><\/div><\/div><\/div><\/div><\/section>\n<\/div><\/div><\/div><\/div><\/div><\/section>\n","protected":false},"excerpt":{"rendered":"Ocio e tempo libre O servizo de lecer e tempo libre ten como finalidade que o noso grupo poida gozar do seu tempo de lecer da forma m\u00e1is aut\u00f3noma posible, tratando de normalizar estas actividades e facilitando a s\u00faa inclusi\u00f3n social. O desfrute do lecer e do tempo libre \u00e9 fundamental para o desenvolvemento persoal...","protected":false},"author":1,"featured_media":0,"parent":0,"menu_order":0,"comment_status":"closed","ping_status":"closed","template":"","meta":{"_acf_changed":false,"footnotes":""},"class_list":["post-9374","page","type-page","status-publish","hentry"],"acf":[],"_links":{"self":[{"href":"https:\/\/aspnais.org\/gl\/wp-json\/wp\/v2\/pages\/9374","targetHints":{"allow":["GET"]}}],"collection":[{"href":"https:\/\/aspnais.org\/gl\/wp-json\/wp\/v2\/pages"}],"about":[{"href":"https:\/\/aspnais.org\/gl\/wp-json\/wp\/v2\/types\/page"}],"author":[{"embeddable":true,"href":"https:\/\/aspnais.org\/gl\/wp-json\/wp\/v2\/users\/1"}],"replies":[{"embeddable":true,"href":"https:\/\/aspnais.org\/gl\/wp-json\/wp\/v2\/comments?post=9374"}],"version-history":[{"count":2,"href":"https:\/\/aspnais.org\/gl\/wp-json\/wp\/v2\/pages\/9374\/revisions"}],"predecessor-version":[{"id":9376,"href":"https:\/\/aspnais.org\/gl\/wp-json\/wp\/v2\/pages\/9374\/revisions\/9376"}],"wp:attachment":[{"href":"https:\/\/aspnais.org\/gl\/wp-json\/wp\/v2\/media?parent=9374"}],"curies":[{"name":"wp","href":"https:\/\/api.w.org\/{rel}","templated":true}]}}