{"id":9352,"date":"2022-03-22T17:35:22","date_gmt":"2022-03-22T16:35:22","guid":{"rendered":"https:\/\/aspnais.org\/equipo-humano\/"},"modified":"2022-12-21T16:30:24","modified_gmt":"2022-12-21T15:30:24","slug":"equipo-humano","status":"publish","type":"page","link":"https:\/\/aspnais.org\/gl\/equipo-humano\/","title":{"rendered":"Equipo humano"},"content":{"rendered":"<section class=\"l-section wpb_row height_medium\"><div class=\"l-section-h i-cf\"><div class=\"g-cols vc_row via_flex valign_middle type_default stacking_default\"><div class=\"vc_col-sm-6 wpb_column vc_column_container us_animate_afl\"><div class=\"vc_column-inner\"><div class=\"wpb_wrapper\"><div class=\"wpb_text_column us_custom_d41066a7\"><div class=\"wpb_wrapper\"><h1 style=\"text-align: center;\">Equipo humano<\/h1>\n<\/div><\/div><div class=\"g-cols wpb_row via_flex valign_top type_default stacking_default\"><div class=\"vc_col-sm-1\/5 wpb_column vc_column_container\"><div class=\"vc_column-inner\"><div class=\"wpb_wrapper\"><\/div><\/div><\/div><div class=\"vc_col-sm-3\/5 wpb_column vc_column_container\"><div class=\"vc_column-inner\"><div class=\"wpb_wrapper\"><div class=\"w-image us_custom_3b8f9481 margen-movil-horizon align_none\"><div class=\"w-image-h\"><img loading=\"lazy\" decoding=\"async\" width=\"500\" height=\"18\" data-src=\"https:\/\/aspnais.org\/wp-content\/uploads\/2022\/02\/linea-titulo.png\" class=\"attachment-full size-full lazyload\" alt=\"\" data-srcset=\"https:\/\/aspnais.org\/wp-content\/uploads\/2022\/02\/linea-titulo.png 500w, https:\/\/aspnais.org\/wp-content\/uploads\/2022\/02\/linea-titulo-300x11.png 300w\" data-sizes=\"auto, (max-width: 500px) 100vw, 500px\" src=\"data:image\/gif;base64,R0lGODlhAQABAAAAACH5BAEKAAEALAAAAAABAAEAAAICTAEAOw==\" style=\"--smush-placeholder-width: 500px; --smush-placeholder-aspect-ratio: 500\/18;\" \/><noscript><img loading=\"lazy\" decoding=\"async\" width=\"500\" height=\"18\" src=\"https:\/\/aspnais.org\/wp-content\/uploads\/2022\/02\/linea-titulo.png\" class=\"attachment-full size-full\" alt=\"\" srcset=\"https:\/\/aspnais.org\/wp-content\/uploads\/2022\/02\/linea-titulo.png 500w, https:\/\/aspnais.org\/wp-content\/uploads\/2022\/02\/linea-titulo-300x11.png 300w\" sizes=\"auto, (max-width: 500px) 100vw, 500px\" \/><\/noscript><\/div><\/div><\/div><\/div><\/div><div class=\"vc_col-sm-1\/5 wpb_column vc_column_container\"><div class=\"vc_column-inner\"><div class=\"wpb_wrapper\"><\/div><\/div><\/div><\/div><div class=\"wpb_text_column us_custom_ba7a673f\"><div class=\"wpb_wrapper\"><p style=\"text-align: left;\">Somos un <strong>equipo multidisciplinar<\/strong> de m\u00e1is de 70 persoas co obxectivo de contribu\u00edr, a partir do noso compromiso \u00e9tico, con apoio e oportunidades, para que cada persoa con discapacidade intelectual e a s\u00faa familia poida desenvolver o seu <span class=\"subrayado-coral\">proxecto de calidade de vida<\/span>, as\u00ed como <span class=\"subrayado-verde\">promover a inclusi\u00f3n<\/span> como cidad@n con plenos dereitos nunha sociedade xusta e solidaria.<\/p>\n<\/div><\/div><\/div><\/div><\/div><div class=\"vc_col-sm-6 wpb_column vc_column_container\"><div class=\"vc_column-inner\"><div class=\"wpb_wrapper\"><div class=\"w-image us_custom_4aff4d27 align_none\"><div class=\"w-image-h\"><img loading=\"lazy\" decoding=\"async\" width=\"1000\" height=\"759\" data-src=\"https:\/\/aspnais.org\/wp-content\/uploads\/2022\/09\/equipo-humano-aspnais.jpg\" class=\"attachment-large size-large lazyload\" alt=\"\" data-srcset=\"https:\/\/aspnais.org\/wp-content\/uploads\/2022\/09\/equipo-humano-aspnais.jpg 1000w, https:\/\/aspnais.org\/wp-content\/uploads\/2022\/09\/equipo-humano-aspnais-300x228.jpg 300w\" data-sizes=\"auto, (max-width: 1000px) 100vw, 1000px\" src=\"data:image\/gif;base64,R0lGODlhAQABAAAAACH5BAEKAAEALAAAAAABAAEAAAICTAEAOw==\" style=\"--smush-placeholder-width: 1000px; --smush-placeholder-aspect-ratio: 1000\/759;\" \/><noscript><img loading=\"lazy\" decoding=\"async\" width=\"1000\" height=\"759\" src=\"https:\/\/aspnais.org\/wp-content\/uploads\/2022\/09\/equipo-humano-aspnais.jpg\" class=\"attachment-large size-large\" alt=\"\" srcset=\"https:\/\/aspnais.org\/wp-content\/uploads\/2022\/09\/equipo-humano-aspnais.jpg 1000w, https:\/\/aspnais.org\/wp-content\/uploads\/2022\/09\/equipo-humano-aspnais-300x228.jpg 300w\" sizes=\"auto, (max-width: 1000px) 100vw, 1000px\" \/><\/noscript><\/div><\/div><\/div><\/div><\/div><\/div><\/div><\/section><section class=\"l-section wpb_row height_medium\"><div class=\"l-section-h i-cf\"><div class=\"g-cols vc_row via_flex valign_top type_default stacking_default\"><div class=\"vc_col-sm-2 wpb_column vc_column_container\"><div class=\"vc_column-inner\"><div class=\"wpb_wrapper\"><\/div><\/div><\/div><div class=\"vc_col-sm-8 wpb_column vc_column_container has_bg_color\" id=\"1rem\"><div class=\"vc_column-inner us_custom_32bb7196\"><div class=\"wpb_wrapper\"><div class=\"w-separator size_medium\"><\/div><div class=\"wpb_text_column\"><div class=\"wpb_wrapper\"><h3 style=\"text-align: center;\">Organigrama<\/h3>\n<\/div><\/div><div class=\"w-image align_center\"><div class=\"w-image-h\"><img loading=\"lazy\" decoding=\"async\" width=\"999\" height=\"869\" data-src=\"https:\/\/aspnais.org\/wp-content\/uploads\/2022\/10\/equipo-humano.png\" class=\"attachment-large size-large lazyload\" alt=\"\" data-srcset=\"https:\/\/aspnais.org\/wp-content\/uploads\/2022\/10\/equipo-humano.png 999w, https:\/\/aspnais.org\/wp-content\/uploads\/2022\/10\/equipo-humano-300x261.png 300w\" data-sizes=\"auto, (max-width: 999px) 100vw, 999px\" src=\"data:image\/gif;base64,R0lGODlhAQABAAAAACH5BAEKAAEALAAAAAABAAEAAAICTAEAOw==\" style=\"--smush-placeholder-width: 999px; --smush-placeholder-aspect-ratio: 999\/869;\" \/><noscript><img loading=\"lazy\" decoding=\"async\" width=\"999\" height=\"869\" src=\"https:\/\/aspnais.org\/wp-content\/uploads\/2022\/10\/equipo-humano.png\" class=\"attachment-large size-large\" alt=\"\" srcset=\"https:\/\/aspnais.org\/wp-content\/uploads\/2022\/10\/equipo-humano.png 999w, https:\/\/aspnais.org\/wp-content\/uploads\/2022\/10\/equipo-humano-300x261.png 300w\" sizes=\"auto, (max-width: 999px) 100vw, 999px\" \/><\/noscript><\/div><\/div><\/div><\/div><\/div><div class=\"vc_col-sm-2 wpb_column vc_column_container\"><div class=\"vc_column-inner\"><div class=\"wpb_wrapper\"><\/div><\/div><\/div><\/div><\/div><\/section><section class=\"l-section wpb_row us_custom_4338a225 height_medium\"><div class=\"l-section-h i-cf\"><div class=\"g-cols vc_row via_flex valign_top type_default stacking_default\"><div class=\"vc_col-sm-12 wpb_column vc_column_container\"><div class=\"vc_column-inner\"><div class=\"wpb_wrapper\"><section class=\"l-section wpb_row us_custom_04e7aa0a height_medium width_full\"><div class=\"l-section-h i-cf\"><div class=\"g-cols vc_row via_flex valign_top type_default stacking_default\"><div class=\"vc_col-sm-1 wpb_column vc_column_container\"><div class=\"vc_column-inner\"><div class=\"wpb_wrapper\"><\/div><\/div><\/div><div class=\"vc_col-sm-10 wpb_column vc_column_container\"><div class=\"vc_column-inner\"><div class=\"wpb_wrapper\"><div class=\"g-cols wpb_row us_custom_b720bf2d has_text_color via_flex valign_bottom type_boxes stacking_default\"><div class=\"vc_col-sm-6 wpb_column vc_column_container\"><div class=\"vc_column-inner\"><div class=\"wpb_wrapper\"><div class=\"wpb_text_column\"><div class=\"wpb_wrapper\"><h2>\u00bfQueres colaborar?<\/h2>\n<\/div><\/div><div class=\"w-separator size_custom\" style=\"height:1px\"><\/div><div class=\"wpb_text_column\"><div class=\"wpb_wrapper\"><p>Na nosa asociaci\u00f3n colabora <span class=\"subrayado-verde\">particulares<\/span> e <span class=\"subrayado-azul\">empresas<\/span>. Adem\u00e1is de <span class=\"subrayado-coral\">voluntarios<\/span> que fan posible este proxecto.<\/p>\n<p><strong>\u00a1Grazas a todos!<\/strong><\/p>\n<\/div><\/div><\/div><\/div><\/div><div class=\"vc_col-sm-6 wpb_column vc_column_container\"><div class=\"vc_column-inner\"><div class=\"wpb_wrapper\"><div class=\"w-btn-wrapper align_left\"><a class=\"w-btn us-btn-style_5 icon_atright\" href=\"https:\/\/aspnais.org\/gl\/colabora\/\"><span class=\"w-btn-label\">Quero ser SOCIO<\/span><i class=\"material-icons\">groups<\/i><\/a><\/div><div class=\"w-separator size_custom\" style=\"height:1px\"><\/div><div class=\"w-btn-wrapper align_left\"><a class=\"w-btn us-btn-style_1 icon_atright\" href=\"https:\/\/aspnais.org\/gl\/colabora\/\"><span class=\"w-btn-label\">Realizar unha DONACI\u00d3N<\/span><i class=\"material-icons\">pan_tool<\/i><\/a><\/div><div class=\"w-separator size_custom\" style=\"height:1px\"><\/div><div class=\"w-btn-wrapper align_left\"><a class=\"w-btn us-btn-style_6 icon_atright\" href=\"https:\/\/aspnais.org\/gl\/colabora\/\"><span class=\"w-btn-label\">Quero ser VOLUNTARIO<\/span><i class=\"material-icons\">favorite<\/i><\/a><\/div><div class=\"w-btn-wrapper align_left\"><a class=\"w-btn us-btn-style_7 boton-tapones icon_atleft\" href=\"https:\/\/aspnais.org\/gl\/centro-ocupacional\/#tapones\"><i class=\"material-icons\">arrow_forward<\/i><span class=\"w-btn-label\">Banco de tap\u00f3ns<\/span><\/a><\/div><\/div><\/div><\/div><\/div><div class=\"w-image us_custom_c711e8b2 align_right\"><div class=\"w-image-h\"><img loading=\"lazy\" decoding=\"async\" width=\"60\" height=\"120\" data-src=\"https:\/\/aspnais.org\/wp-content\/uploads\/2022\/02\/insignia-lugo-02.png\" class=\"attachment-large size-large lazyload\" alt=\"\" src=\"data:image\/gif;base64,R0lGODlhAQABAAAAACH5BAEKAAEALAAAAAABAAEAAAICTAEAOw==\" style=\"--smush-placeholder-width: 60px; --smush-placeholder-aspect-ratio: 60\/120;\" \/><noscript><img loading=\"lazy\" decoding=\"async\" width=\"60\" height=\"120\" src=\"https:\/\/aspnais.org\/wp-content\/uploads\/2022\/02\/insignia-lugo-02.png\" class=\"attachment-large size-large\" alt=\"\" \/><\/noscript><\/div><\/div><\/div><\/div><\/div><div class=\"vc_col-sm-1 wpb_column vc_column_container\"><div class=\"vc_column-inner\"><div class=\"wpb_wrapper\"><\/div><\/div><\/div><\/div><\/div><\/section>\n<\/div><\/div><\/div><\/div><\/div><\/section>\n","protected":false},"excerpt":{"rendered":"Equipo humano Somos un equipo multidisciplinar de m\u00e1is de 70 persoas co obxectivo de contribu\u00edr, a partir do noso compromiso \u00e9tico, con apoio e oportunidades, para que cada persoa con discapacidade intelectual e a s\u00faa familia poida desenvolver o seu proxecto de calidade de vida, as\u00ed como promover a inclusi\u00f3n como cidad@n con plenos dereitos...","protected":false},"author":1,"featured_media":0,"parent":0,"menu_order":0,"comment_status":"closed","ping_status":"closed","template":"","meta":{"_acf_changed":false,"footnotes":""},"class_list":["post-9352","page","type-page","status-publish","hentry"],"acf":[],"_links":{"self":[{"href":"https:\/\/aspnais.org\/gl\/wp-json\/wp\/v2\/pages\/9352","targetHints":{"allow":["GET"]}}],"collection":[{"href":"https:\/\/aspnais.org\/gl\/wp-json\/wp\/v2\/pages"}],"about":[{"href":"https:\/\/aspnais.org\/gl\/wp-json\/wp\/v2\/types\/page"}],"author":[{"embeddable":true,"href":"https:\/\/aspnais.org\/gl\/wp-json\/wp\/v2\/users\/1"}],"replies":[{"embeddable":true,"href":"https:\/\/aspnais.org\/gl\/wp-json\/wp\/v2\/comments?post=9352"}],"version-history":[{"count":2,"href":"https:\/\/aspnais.org\/gl\/wp-json\/wp\/v2\/pages\/9352\/revisions"}],"predecessor-version":[{"id":9354,"href":"https:\/\/aspnais.org\/gl\/wp-json\/wp\/v2\/pages\/9352\/revisions\/9354"}],"wp:attachment":[{"href":"https:\/\/aspnais.org\/gl\/wp-json\/wp\/v2\/media?parent=9352"}],"curies":[{"name":"wp","href":"https:\/\/api.w.org\/{rel}","templated":true}]}}