{"id":9331,"date":"2022-10-10T16:49:37","date_gmt":"2022-10-10T14:49:37","guid":{"rendered":"https:\/\/aspnais.org\/calidade\/"},"modified":"2022-12-21T15:26:36","modified_gmt":"2022-12-21T14:26:36","slug":"calidade","status":"publish","type":"page","link":"https:\/\/aspnais.org\/gl\/calidade\/","title":{"rendered":"Calidade"},"content":{"rendered":"<section class=\"l-section wpb_row height_medium\"><div class=\"l-section-h i-cf\"><div class=\"g-cols vc_row via_flex valign_top type_default stacking_default\"><div class=\"vc_col-sm-2 wpb_column vc_column_container\"><div class=\"vc_column-inner\"><div class=\"wpb_wrapper\"><\/div><\/div><\/div><div class=\"vc_col-sm-8 wpb_column vc_column_container\"><div class=\"vc_column-inner\"><div class=\"wpb_wrapper\"><div class=\"w-image us_custom_75bf4b33 align_center\"><div class=\"w-image-h\"><img loading=\"lazy\" decoding=\"async\" width=\"210\" height=\"262\" data-src=\"https:\/\/aspnais.org\/wp-content\/uploads\/2022\/10\/calidad-1.jpg\" class=\"attachment-full size-full lazyload\" alt=\"\" src=\"data:image\/gif;base64,R0lGODlhAQABAAAAACH5BAEKAAEALAAAAAABAAEAAAICTAEAOw==\" style=\"--smush-placeholder-width: 210px; --smush-placeholder-aspect-ratio: 210\/262;\" \/><noscript><img loading=\"lazy\" decoding=\"async\" width=\"210\" height=\"262\" src=\"https:\/\/aspnais.org\/wp-content\/uploads\/2022\/10\/calidad-1.jpg\" class=\"attachment-full size-full\" alt=\"\" \/><\/noscript><\/div><\/div><div class=\"wpb_text_column us_custom_353bf567\"><div class=\"wpb_wrapper\"><h1 style=\"text-align: center;\">Calidade<\/h1>\n<\/div><\/div><div class=\"g-cols wpb_row via_flex valign_top type_default stacking_default\"><div class=\"vc_col-sm-4 wpb_column vc_column_container\"><div class=\"vc_column-inner\"><div class=\"wpb_wrapper\"><\/div><\/div><\/div><div class=\"vc_col-sm-4 wpb_column vc_column_container\"><div class=\"vc_column-inner\"><div class=\"wpb_wrapper\"><div class=\"w-image us_custom_3b8f9481 margen-movil-horizon margen-horizon-30 align_center\"><div class=\"w-image-h\"><img loading=\"lazy\" decoding=\"async\" width=\"500\" height=\"18\" data-src=\"https:\/\/aspnais.org\/wp-content\/uploads\/2022\/02\/linea-titulo.png\" class=\"attachment-full size-full lazyload\" alt=\"\" data-srcset=\"https:\/\/aspnais.org\/wp-content\/uploads\/2022\/02\/linea-titulo.png 500w, https:\/\/aspnais.org\/wp-content\/uploads\/2022\/02\/linea-titulo-300x11.png 300w\" data-sizes=\"auto, (max-width: 500px) 100vw, 500px\" src=\"data:image\/gif;base64,R0lGODlhAQABAAAAACH5BAEKAAEALAAAAAABAAEAAAICTAEAOw==\" style=\"--smush-placeholder-width: 500px; --smush-placeholder-aspect-ratio: 500\/18;\" \/><noscript><img loading=\"lazy\" decoding=\"async\" width=\"500\" height=\"18\" src=\"https:\/\/aspnais.org\/wp-content\/uploads\/2022\/02\/linea-titulo.png\" class=\"attachment-full size-full\" alt=\"\" srcset=\"https:\/\/aspnais.org\/wp-content\/uploads\/2022\/02\/linea-titulo.png 500w, https:\/\/aspnais.org\/wp-content\/uploads\/2022\/02\/linea-titulo-300x11.png 300w\" sizes=\"auto, (max-width: 500px) 100vw, 500px\" \/><\/noscript><\/div><\/div><\/div><\/div><\/div><div class=\"vc_col-sm-4 wpb_column vc_column_container\"><div class=\"vc_column-inner\"><div class=\"wpb_wrapper\"><\/div><\/div><\/div><\/div><div class=\"wpb_text_column\"><div class=\"wpb_wrapper\"><p style=\"text-align: center;\">Estamos comprometidos cos requisitos legais e regulamentarios, as\u00ed como coa esta norma de referencia e os requisitos do cliente. O noso compromiso ext\u00e9ndese \u00e1 <strong>mellora continua na calidade de vida das persoas con discapacidade intelectual e dos seus familiares<\/strong>.<\/p>\n<\/div><\/div><\/div><\/div><\/div><div class=\"vc_col-sm-2 wpb_column vc_column_container\"><div class=\"vc_column-inner\"><div class=\"wpb_wrapper\"><\/div><\/div><\/div><\/div><\/div><\/section><section class=\"l-section wpb_row height_medium\"><div class=\"l-section-h i-cf\"><div class=\"g-cols vc_row via_flex valign_top type_default stacking_default\" style=\"--additional-gap:30px;\"><div class=\"vc_col-sm-6 wpb_column vc_column_container has_bg_color\"><div class=\"vc_column-inner us_custom_fee8238d\"><div class=\"wpb_wrapper\">[vc_raw_html]PGEgY2xhc3M9IiIgaHJlZj0iL3dwLWNvbnRlbnQvdXBsb2Fkcy8yMDIyLzEwL0NlcnRpZmljYWNpb24tSVNPLTkwMDEtMjAxNS5wZGYiIHRhcmdldD0iX2JsYW5rIj48ZGl2IGNsYXNzPSJib3Rvbi1hcmNoaXZvLWNvcmFsIj48YnI+PC9kaXY+PC9hPg==[\/vc_raw_html]<div class=\"wpb_text_column\"><div class=\"wpb_wrapper\"><p style=\"text-align: center;\"><a class=\"enlace-negro\" style=\"text-align: center;\" href=\"\/wp-content\/uploads\/2022\/10\/Certificacion-ISO-9001-2015.pdf\" target=\"_blank\" rel=\"noopener\">ISO 9001-2015<\/a><\/p>\n<\/div><\/div><\/div><\/div><\/div><div class=\"vc_col-sm-6 wpb_column vc_column_container has_bg_color\"><div class=\"vc_column-inner us_custom_fee8238d\"><div class=\"wpb_wrapper\">[vc_raw_html]PGEgY2xhc3M9IiIgaHJlZj0iL3dwLWNvbnRlbnQvdXBsb2Fkcy8yMDIyLzEwL0F1ZGl0b3JpYS1DQUxJREFELW1heW8yMDIyLnBkZiIgdGFyZ2V0PSJfYmxhbmsiPjxkaXYgY2xhc3M9ImJvdG9uLWFyY2hpdm8tY29yYWwiPjxicj48L2Rpdj48L2E+[\/vc_raw_html]<div class=\"wpb_text_column\"><div class=\"wpb_wrapper\"><p style=\"text-align: center;\"><a class=\"enlace-negro\" style=\"text-align: center;\" href=\"\/wp-content\/uploads\/2022\/10\/Auditoria-CALIDAD-mayo2022.pdf\" target=\"_blank\" rel=\"noopener\">Auditor\u00eda Maio 2022<\/a><\/p>\n<\/div><\/div><\/div><\/div><\/div><\/div><\/div><\/section><section class=\"l-section wpb_row us_custom_4338a225 height_medium\"><div class=\"l-section-h i-cf\"><div class=\"g-cols vc_row via_flex valign_top type_default stacking_default\"><div class=\"vc_col-sm-12 wpb_column vc_column_container\"><div class=\"vc_column-inner\"><div class=\"wpb_wrapper\"><section class=\"l-section wpb_row us_custom_04e7aa0a height_medium width_full\"><div class=\"l-section-h i-cf\"><div class=\"g-cols vc_row via_flex valign_top type_default stacking_default\"><div class=\"vc_col-sm-1 wpb_column vc_column_container\"><div class=\"vc_column-inner\"><div class=\"wpb_wrapper\"><\/div><\/div><\/div><div class=\"vc_col-sm-10 wpb_column vc_column_container\"><div class=\"vc_column-inner\"><div class=\"wpb_wrapper\"><div class=\"g-cols wpb_row us_custom_b720bf2d has_text_color via_flex valign_bottom type_boxes stacking_default\"><div class=\"vc_col-sm-6 wpb_column vc_column_container\"><div class=\"vc_column-inner\"><div class=\"wpb_wrapper\"><div class=\"wpb_text_column\"><div class=\"wpb_wrapper\"><h2>\u00bfQueres colaborar?<\/h2>\n<\/div><\/div><div class=\"w-separator size_custom\" style=\"height:1px\"><\/div><div class=\"wpb_text_column\"><div class=\"wpb_wrapper\"><p>Na nosa asociaci\u00f3n colabora <span class=\"subrayado-verde\">particulares<\/span> e <span class=\"subrayado-azul\">empresas<\/span>. Adem\u00e1is de <span class=\"subrayado-coral\">voluntarios<\/span> que fan posible este proxecto.<\/p>\n<p><strong>\u00a1Grazas a todos!<\/strong><\/p>\n<\/div><\/div><\/div><\/div><\/div><div class=\"vc_col-sm-6 wpb_column vc_column_container\"><div class=\"vc_column-inner\"><div class=\"wpb_wrapper\"><div class=\"w-btn-wrapper align_left\"><a class=\"w-btn us-btn-style_5 icon_atright\" href=\"https:\/\/aspnais.org\/gl\/colabora\/\"><span class=\"w-btn-label\">Quero ser SOCIO<\/span><i class=\"material-icons\">groups<\/i><\/a><\/div><div class=\"w-separator size_custom\" style=\"height:1px\"><\/div><div class=\"w-btn-wrapper align_left\"><a class=\"w-btn us-btn-style_1 icon_atright\" href=\"https:\/\/aspnais.org\/gl\/colabora\/\"><span class=\"w-btn-label\">Realizar unha DONACI\u00d3N<\/span><i class=\"material-icons\">pan_tool<\/i><\/a><\/div><div class=\"w-separator size_custom\" style=\"height:1px\"><\/div><div class=\"w-btn-wrapper align_left\"><a class=\"w-btn us-btn-style_6 icon_atright\" href=\"https:\/\/aspnais.org\/gl\/colabora\/\"><span class=\"w-btn-label\">Quero ser VOLUNTARIO<\/span><i class=\"material-icons\">favorite<\/i><\/a><\/div><div class=\"w-btn-wrapper align_left\"><a class=\"w-btn us-btn-style_7 boton-tapones icon_atleft\" href=\"https:\/\/aspnais.org\/gl\/centro-ocupacional\/#tapones\"><i class=\"material-icons\">arrow_forward<\/i><span class=\"w-btn-label\">Banco de tap\u00f3ns<\/span><\/a><\/div><\/div><\/div><\/div><\/div><div class=\"w-image us_custom_c711e8b2 align_right\"><div class=\"w-image-h\"><img loading=\"lazy\" decoding=\"async\" width=\"60\" height=\"120\" data-src=\"https:\/\/aspnais.org\/wp-content\/uploads\/2022\/02\/insignia-lugo-02.png\" class=\"attachment-large size-large lazyload\" alt=\"\" src=\"data:image\/gif;base64,R0lGODlhAQABAAAAACH5BAEKAAEALAAAAAABAAEAAAICTAEAOw==\" style=\"--smush-placeholder-width: 60px; --smush-placeholder-aspect-ratio: 60\/120;\" \/><noscript><img loading=\"lazy\" decoding=\"async\" width=\"60\" height=\"120\" src=\"https:\/\/aspnais.org\/wp-content\/uploads\/2022\/02\/insignia-lugo-02.png\" class=\"attachment-large size-large\" alt=\"\" \/><\/noscript><\/div><\/div><\/div><\/div><\/div><div class=\"vc_col-sm-1 wpb_column vc_column_container\"><div class=\"vc_column-inner\"><div class=\"wpb_wrapper\"><\/div><\/div><\/div><\/div><\/div><\/section>\n<\/div><\/div><\/div><\/div><\/div><\/section>\n","protected":false},"excerpt":{"rendered":"Calidade Estamos comprometidos cos requisitos legais e regulamentarios, as\u00ed como coa esta norma de referencia e os requisitos do cliente. O noso compromiso ext\u00e9ndese \u00e1 mellora continua na calidade de vida das persoas con discapacidade intelectual e dos seus familiares. [vc_raw_html]PGEgY2xhc3M9IiIgaHJlZj0iL3dwLWNvbnRlbnQvdXBsb2Fkcy8yMDIyLzEwL0NlcnRpZmljYWNpb24tSVNPLTkwMDEtMjAxNS5wZGYiIHRhcmdldD0iX2JsYW5rIj48ZGl2IGNsYXNzPSJib3Rvbi1hcmNoaXZvLWNvcmFsIj48YnI+PC9kaXY+PC9hPg==[\/vc_raw_html]ISO 9001-2015 [vc_raw_html]PGEgY2xhc3M9IiIgaHJlZj0iL3dwLWNvbnRlbnQvdXBsb2Fkcy8yMDIyLzEwL0F1ZGl0b3JpYS1DQUxJREFELW1heW8yMDIyLnBkZiIgdGFyZ2V0PSJfYmxhbmsiPjxkaXYgY2xhc3M9ImJvdG9uLWFyY2hpdm8tY29yYWwiPjxicj48L2Rpdj48L2E+[\/vc_raw_html]Auditor\u00eda Maio 2022 \u00bfQueres colaborar? Na nosa asociaci\u00f3n colabora particulares e empresas. Adem\u00e1is...","protected":false},"author":1,"featured_media":0,"parent":0,"menu_order":0,"comment_status":"closed","ping_status":"closed","template":"","meta":{"_acf_changed":false,"footnotes":""},"class_list":["post-9331","page","type-page","status-publish","hentry"],"acf":[],"_links":{"self":[{"href":"https:\/\/aspnais.org\/gl\/wp-json\/wp\/v2\/pages\/9331","targetHints":{"allow":["GET"]}}],"collection":[{"href":"https:\/\/aspnais.org\/gl\/wp-json\/wp\/v2\/pages"}],"about":[{"href":"https:\/\/aspnais.org\/gl\/wp-json\/wp\/v2\/types\/page"}],"author":[{"embeddable":true,"href":"https:\/\/aspnais.org\/gl\/wp-json\/wp\/v2\/users\/1"}],"replies":[{"embeddable":true,"href":"https:\/\/aspnais.org\/gl\/wp-json\/wp\/v2\/comments?post=9331"}],"version-history":[{"count":2,"href":"https:\/\/aspnais.org\/gl\/wp-json\/wp\/v2\/pages\/9331\/revisions"}],"predecessor-version":[{"id":9333,"href":"https:\/\/aspnais.org\/gl\/wp-json\/wp\/v2\/pages\/9331\/revisions\/9333"}],"wp:attachment":[{"href":"https:\/\/aspnais.org\/gl\/wp-json\/wp\/v2\/media?parent=9331"}],"curies":[{"name":"wp","href":"https:\/\/api.w.org\/{rel}","templated":true}]}}